{"id":1024,"date":"2026-03-25T14:03:49","date_gmt":"2026-03-25T13:03:49","guid":{"rendered":"https:\/\/mcro.waw.pl\/index.php\/mateusz-plaza-copy\/"},"modified":"2026-04-14T07:42:52","modified_gmt":"2026-04-14T05:42:52","slug":"anna-bojanowska","status":"publish","type":"page","link":"https:\/\/mcro.waw.pl\/index.php\/anna-bojanowska\/","title":{"rendered":"Anna Bojanowska"},"content":{"rendered":"<!--themify_builder_content-->\n<div id=\"themify_builder_content-1024\" data-postid=\"1024\" class=\"themify_builder_content themify_builder_content-1024 themify_builder tf_clear\">\n                    <div  data-lazy=\"1\" class=\"module_row themify_builder_row tb_eipt903 tb_first tf_w\">\n                        <div class=\"row_inner col_align_top tb_col_count_1 tf_box tf_rel\">\n                        <div  data-lazy=\"1\" class=\"module_column tb-column col-full tb_v03r710 first\">\n                            <div  data-lazy=\"1\" class=\"module_subrow themify_builder_sub_row tf_w col_align_middle tb_col_count_2 tb_63vk010\">\n                <div  data-lazy=\"1\" class=\"module_column sub_column col4-2 tb_wed9091 first\">\n                    <!-- module fancy heading -->\n<div  class=\"module module-fancy-heading tb_ydgy209 \" data-lazy=\"1\">\n        <h2 class=\"fancy-heading tf_textl\">\n    <span class=\"main-head tf_block\">\n                    Anna Bojanowska            <\/span>\n\n    \n    <span class=\"sub-head tf_block tf_rel\">\n                    lek. specjalistka chor\u00f3b wewn\u0119trznych            <\/span>\n    <\/h2>\n<\/div>\n<!-- \/module fancy heading -->\n<!-- module text -->\n<div  class=\"module module-text tb_u5vq002   \" data-lazy=\"1\">\n        <div  class=\"tb_text_wrap\">\n        <p>Lekarka specjalizuj\u0105ca si\u0119 w leczeniu oraz planowaniu opieki dla pacjent\u00f3w z chorob\u0105 oty\u0142o\u015bciow\u0105. Specjalistka chor\u00f3b wewn\u0119trznych z ponad 10-cio letnim do\u015bwiadczeniem w leczeniu chor\u00f3b wewn\u0119trznych, g\u0142\u00f3wnie w zakresie gastroenterologii. Cz\u0142onkini Polskiego Towarzystwa Leczenia Oty\u0142o\u015bci posiadaj\u0105ca certyfikat tego towarzystwa w zakresie kompleksowego leczenia choroby oty\u0142o\u015bciowej.<\/p>\n    <\/div>\n<\/div>\n<!-- \/module text -->        <\/div>\n                    <div  data-lazy=\"1\" class=\"module_column sub_column col4-2 tb_mrhx992 last\">\n                    <!-- module image -->\n<div  class=\"module module-image tb_1kza290 image-center   tf_mw\" data-lazy=\"1\" id=\"anna\">\n        <div class=\"image-wrap tf_rel tf_mw\">\n            <img fetchpriority=\"high\" decoding=\"async\" src=\"http:\/\/mcro.waw.pl\/wp-content\/uploads\/2026\/04\/IMG-20260408-WA0000.jpg\" width=\"1024\" height=\"1536\" title=\"Anna Bojanowska\" alt=\"Anna Bojanowska\">    \n        <\/div>\n    <!-- \/image-wrap -->\n    \n        <\/div>\n<!-- \/module image -->        <\/div>\n                    <\/div>\n                <\/div>\n                        <\/div>\n        <\/div>\n                        <div  data-lazy=\"1\" class=\"module_row themify_builder_row tb_gcto320 tf_w\">\n                        <div class=\"row_inner col_align_top tb_col_count_1 tf_box tf_rel\">\n                        <div  data-lazy=\"1\" class=\"module_column tb-column col-full tb_siw2450 first\">\n                    <!-- module buttons -->\n<div  class=\"module module-buttons tb_z326495 buttons-horizontal solid  large circle\" data-lazy=\"1\">\n        <div class=\"module-buttons-item tf_in_flx\">\n                        <a href=\"https:\/\/pacjent.mcro.waw.pl\/wizyty?_ereg_=%7B%22filters%22:%22%7B%5C%22doctor%5C%22:%5C%222%5C%22%7D%22,%22search%22:%22%7B%5C%22patientId%5C%22:%5C%2213334%5C%22,%5C%22consultationType%5C%22:%5C%22stationary%5C%22,%5C%22visitMode%5C%22:%5C%22paid%5C%22,%5C%22hasEReferral%5C%22:false,%5C%22highPriority%5C%22:false,%5C%22fromDate%5C%22:%5C%222024-07-15%5C%22%7D%22,%22confirm%22:%22%7B%5C%22visitMode%5C%22:%5C%22paid%5C%22%7D%22,%22visitMode%22:%22paid%22%7D\" class=\"ui builder_button tf_in_flx orange\" target=\"_blank\" rel=\"noopener\">\n                                                UM\u00d3W WIZYT\u0118                                        <\/a>\n                <\/div>\n            <\/div>\n<!-- \/module buttons -->\n        <\/div>\n                        <\/div>\n        <\/div>\n        <\/div>\n<!--\/themify_builder_content-->","protected":false},"excerpt":{"rendered":"<p>Lekarka specjalizuj\u0105ca si\u0119 w leczeniu oraz planowaniu opieki dla pacjent\u00f3w z chorob\u0105 oty\u0142o\u015bciow\u0105. Specjalistka chor\u00f3b wewn\u0119trznych z ponad 10-cio letnim do\u015bwiadczeniem w leczeniu chor\u00f3b wewn\u0119trznych, g\u0142\u00f3wnie w zakresie gastroenterologii. Cz\u0142onkini Polskiego Towarzystwa Leczenia Oty\u0142o\u015bci posiadaj\u0105ca certyfikat tego towarzystwa w zakresie kompleksowego leczenia choroby oty\u0142o\u015bciowej.<\/p>\n","protected":false},"author":4,"featured_media":0,"parent":0,"menu_order":0,"comment_status":"closed","ping_status":"closed","template":"","meta":{"footnotes":""},"class_list":["post-1024","page","type-page","status-publish","hentry","has-post-title","has-post-date","has-post-category","has-post-tag","has-post-comment","has-post-author",""],"builder_content":"<h2>Anna Bojanowska<br\/>lek. specjalistka chor\u00f3b wewn\u0119trznych<\/h2>\n<p>Lekarka specjalizuj\u0105ca si\u0119 w leczeniu oraz planowaniu opieki dla pacjent\u00f3w z chorob\u0105 oty\u0142o\u015bciow\u0105. Specjalistka chor\u00f3b wewn\u0119trznych z ponad 10-cio letnim do\u015bwiadczeniem w leczeniu chor\u00f3b wewn\u0119trznych, g\u0142\u00f3wnie w zakresie gastroenterologii. Cz\u0142onkini Polskiego Towarzystwa Leczenia Oty\u0142o\u015bci posiadaj\u0105ca certyfikat tego towarzystwa w zakresie kompleksowego leczenia choroby oty\u0142o\u015bciowej.<\/p>\n<img src=\"http:\/\/mcro.waw.pl\/wp-content\/uploads\/2026\/04\/IMG-20260408-WA0000.jpg\" width=\"1024\" height=\"1536\" title=\"Anna Bojanowska\" alt=\"Anna Bojanowska\">\n<a href=\"https:\/\/pacjent.mcro.waw.pl\/wizyty?_ereg_=%7B%22filters%22:%22%7B%5C%22doctor%5C%22:%5C%222%5C%22%7D%22,%22search%22:%22%7B%5C%22patientId%5C%22:%5C%2213334%5C%22,%5C%22consultationType%5C%22:%5C%22stationary%5C%22,%5C%22visitMode%5C%22:%5C%22paid%5C%22,%5C%22hasEReferral%5C%22:false,%5C%22highPriority%5C%22:false,%5C%22fromDate%5C%22:%5C%222024-07-15%5C%22%7D%22,%22confirm%22:%22%7B%5C%22visitMode%5C%22:%5C%22paid%5C%22%7D%22,%22visitMode%22:%22paid%22%7D\" target=\"_blank\" rel=\"noopener\"> UM\u00d3W WIZYT\u0118 <\/a>","_links":{"self":[{"href":"https:\/\/mcro.waw.pl\/index.php\/wp-json\/wp\/v2\/pages\/1024","targetHints":{"allow":["GET"]}}],"collection":[{"href":"https:\/\/mcro.waw.pl\/index.php\/wp-json\/wp\/v2\/pages"}],"about":[{"href":"https:\/\/mcro.waw.pl\/index.php\/wp-json\/wp\/v2\/types\/page"}],"author":[{"embeddable":true,"href":"https:\/\/mcro.waw.pl\/index.php\/wp-json\/wp\/v2\/users\/4"}],"replies":[{"embeddable":true,"href":"https:\/\/mcro.waw.pl\/index.php\/wp-json\/wp\/v2\/comments?post=1024"}],"version-history":[{"count":18,"href":"https:\/\/mcro.waw.pl\/index.php\/wp-json\/wp\/v2\/pages\/1024\/revisions"}],"predecessor-version":[{"id":1101,"href":"https:\/\/mcro.waw.pl\/index.php\/wp-json\/wp\/v2\/pages\/1024\/revisions\/1101"}],"wp:attachment":[{"href":"https:\/\/mcro.waw.pl\/index.php\/wp-json\/wp\/v2\/media?parent=1024"}],"curies":[{"name":"wp","href":"https:\/\/api.w.org\/{rel}","templated":true}]}}