{"id":1050,"date":"2026-03-25T14:15:02","date_gmt":"2026-03-25T13:15:02","guid":{"rendered":"https:\/\/mcro.waw.pl\/index.php\/magdalena-wolska-copy\/"},"modified":"2026-03-25T14:16:54","modified_gmt":"2026-03-25T13:16:54","slug":"anna-nowakowska-plaza","status":"publish","type":"page","link":"https:\/\/mcro.waw.pl\/index.php\/anna-nowakowska-plaza\/","title":{"rendered":"Anna Nowakowska &#8211; P\u0142aza"},"content":{"rendered":"<!--themify_builder_content-->\n<div id=\"themify_builder_content-1050\" data-postid=\"1050\" class=\"themify_builder_content themify_builder_content-1050 themify_builder tf_clear\">\n                    <div  data-lazy=\"1\" class=\"module_row themify_builder_row tb_vl9h350 tb_first tf_w\">\n                        <div class=\"row_inner col_align_top tb_col_count_1 tf_box tf_rel\">\n                        <div  data-lazy=\"1\" class=\"module_column tb-column col-full tb_ub0n000 first\">\n                            <div  data-lazy=\"1\" class=\"module_subrow themify_builder_sub_row tf_w col_align_middle tb_col_count_2 tb_n1ga220\">\n                <div  data-lazy=\"1\" class=\"module_column sub_column col4-2 tb_v1d5525 first\">\n                    <!-- module fancy heading -->\n<div  class=\"module module-fancy-heading tb_5idw835 \" data-lazy=\"1\">\n        <h2 class=\"fancy-heading tf_textl\">\n    <span class=\"main-head tf_block\">\n                    Anna Nowakowska - P\u0142aza            <\/span>\n\n    \n    <span class=\"sub-head tf_block tf_rel\">\n                    dr n.med. specjalista reumatologii            <\/span>\n    <\/h2>\n<\/div>\n<!-- \/module fancy heading -->\n<!-- module text -->\n<div  class=\"module module-text tb_xi5p235   \" data-lazy=\"1\">\n        <div  class=\"tb_text_wrap\">\n        <p>Uko\u0144czy\u0142a Uniwersytet Medyczny w Warszawie w 2009 r. W latach 2010 2024 pracowa\u0142a w Instytucie Reumatologii w Warszawie. W 2019 zda\u0142a egzamin specjalizacyjny z reumatologii z ocen\u0105 bardzo dobr\u0105, a w roku 2020 obroni\u0142a doktorat: \u201ePor\u00f3wnanie przydatno\u015bci nowych metod densytometrycznych w diagnostyce osteoporozy pierwotnej i osteoporoz wt\u00f3rnych&#8221;.<br \/><br \/>Zajmuje si\u0119 leczeniem i diagnostyk\u0105 reumatoidalnego zapalenia staw\u00f3w, zesztywniaj\u0105cego zapalenia staw\u00f3w kr\u0119gos\u0142upa, \u0142uszczycowego zapalenia staw\u00f3w, dny moczanowej, chor\u00f3b uk\u0142adowych tkanki \u0142\u0105cznej i osteoporozy. W relacji z pacjentem stawia na zrozumienie i spersonalizowane podej\u015bcie.<\/p>    <\/div>\n<\/div>\n<!-- \/module text -->        <\/div>\n                    <div  data-lazy=\"1\" class=\"module_column sub_column col4-2 tb_5k8n553 last\">\n                    <!-- module image -->\n<div  class=\"module module-image tb_nv74250 image-top   tf_mw\" data-lazy=\"1\">\n        <div class=\"image-wrap tf_rel tf_mw\">\n            <img fetchpriority=\"high\" decoding=\"async\" width=\"405\" height=\"344\" src=\"https:\/\/mcro.waw.pl\/wp-content\/uploads\/2024\/05\/doctor_mock.png\" class=\"wp-post-image wp-image-292\" title=\"doctor_mock\" alt=\"doctor_mock\" srcset=\"https:\/\/mcro.waw.pl\/wp-content\/uploads\/2024\/05\/doctor_mock.png 405w, https:\/\/mcro.waw.pl\/wp-content\/uploads\/2024\/05\/doctor_mock-300x255.png 300w\" sizes=\"(max-width: 405px) 100vw, 405px\" \/>    \n        <\/div>\n    <!-- \/image-wrap -->\n    \n        <\/div>\n<!-- \/module image -->        <\/div>\n                    <\/div>\n                <\/div>\n                        <\/div>\n        <\/div>\n                        <div  data-lazy=\"1\" class=\"module_row themify_builder_row tb_f3qa885 tf_w\">\n                        <div class=\"row_inner col_align_top tb_col_count_1 tf_box tf_rel\">\n                        <div  data-lazy=\"1\" class=\"module_column tb-column col-full tb_wg0s098 first\">\n                    <!-- module buttons -->\n<div  class=\"module module-buttons tb_o7df095 buttons-horizontal solid  large circle\" data-lazy=\"1\">\n        <div class=\"module-buttons-item tf_in_flx\">\n                        <a href=\"https:\/\/pacjent.mcro.waw.pl\/wizyty?_ereg_=%7B%22filters%22:%22%7B%5C%22doctor%5C%22:%5C%222%5C%22%7D%22,%22search%22:%22%7B%5C%22patientId%5C%22:%5C%2213334%5C%22,%5C%22consultationType%5C%22:%5C%22stationary%5C%22,%5C%22visitMode%5C%22:%5C%22paid%5C%22,%5C%22hasEReferral%5C%22:false,%5C%22highPriority%5C%22:false,%5C%22fromDate%5C%22:%5C%222024-07-15%5C%22%7D%22,%22confirm%22:%22%7B%5C%22visitMode%5C%22:%5C%22paid%5C%22%7D%22,%22visitMode%22:%22paid%22%7D\" class=\"ui builder_button tf_in_flx orange\" target=\"_blank\" rel=\"noopener\">\n                                                UM\u00d3W WIZYT\u0118                                        <\/a>\n                <\/div>\n            <\/div>\n<!-- \/module buttons -->\n        <\/div>\n                        <\/div>\n        <\/div>\n        <\/div>\n<!--\/themify_builder_content-->","protected":false},"excerpt":{"rendered":"<p>Uko\u0144czy\u0142a Uniwersytet Medyczny w Warszawie w 2009 r. W latach 2010 2024 pracowa\u0142a w Instytucie Reumatologii w Warszawie. W 2019 zda\u0142a egzamin specjalizacyjny z reumatologii z ocen\u0105 bardzo dobr\u0105, a w roku 2020 obroni\u0142a doktorat: \u201ePor\u00f3wnanie przydatno\u015bci nowych metod densytometrycznych w diagnostyce osteoporozy pierwotnej i osteoporoz wt\u00f3rnych&#8221;.Zajmuje si\u0119 leczeniem i diagnostyk\u0105 reumatoidalnego zapalenia staw\u00f3w, zesztywniaj\u0105cego [&hellip;]<\/p>\n","protected":false},"author":4,"featured_media":0,"parent":0,"menu_order":0,"comment_status":"closed","ping_status":"closed","template":"","meta":{"footnotes":""},"class_list":["post-1050","page","type-page","status-publish","hentry","has-post-title","has-post-date","has-post-category","has-post-tag","has-post-comment","has-post-author",""],"builder_content":"<h2>Anna Nowakowska - P\u0142aza<br\/>dr n.med. specjalista reumatologii<\/h2>\n<p>Uko\u0144czy\u0142a Uniwersytet Medyczny w Warszawie w 2009 r. W latach 2010 2024 pracowa\u0142a w Instytucie Reumatologii w Warszawie. W 2019 zda\u0142a egzamin specjalizacyjny z reumatologii z ocen\u0105 bardzo dobr\u0105, a w roku 2020 obroni\u0142a doktorat: \u201ePor\u00f3wnanie przydatno\u015bci nowych metod densytometrycznych w diagnostyce osteoporozy pierwotnej i osteoporoz wt\u00f3rnych\".<br \/><br \/>Zajmuje si\u0119 leczeniem i diagnostyk\u0105 reumatoidalnego zapalenia staw\u00f3w, zesztywniaj\u0105cego zapalenia staw\u00f3w kr\u0119gos\u0142upa, \u0142uszczycowego zapalenia staw\u00f3w, dny moczanowej, chor\u00f3b uk\u0142adowych tkanki \u0142\u0105cznej i osteoporozy. W relacji z pacjentem stawia na zrozumienie i spersonalizowane podej\u015bcie.<\/p>\n<img src=\"https:\/\/mcro.waw.pl\/wp-content\/uploads\/2024\/05\/doctor_mock.png\" title=\"doctor_mock\" alt=\"doctor_mock\" srcset=\"https:\/\/mcro.waw.pl\/wp-content\/uploads\/2024\/05\/doctor_mock.png 405w, https:\/\/mcro.waw.pl\/wp-content\/uploads\/2024\/05\/doctor_mock-300x255.png 300w\" sizes=\"(max-width: 405px) 100vw, 405px\" \/>\n<a href=\"https:\/\/pacjent.mcro.waw.pl\/wizyty?_ereg_=%7B%22filters%22:%22%7B%5C%22doctor%5C%22:%5C%222%5C%22%7D%22,%22search%22:%22%7B%5C%22patientId%5C%22:%5C%2213334%5C%22,%5C%22consultationType%5C%22:%5C%22stationary%5C%22,%5C%22visitMode%5C%22:%5C%22paid%5C%22,%5C%22hasEReferral%5C%22:false,%5C%22highPriority%5C%22:false,%5C%22fromDate%5C%22:%5C%222024-07-15%5C%22%7D%22,%22confirm%22:%22%7B%5C%22visitMode%5C%22:%5C%22paid%5C%22%7D%22,%22visitMode%22:%22paid%22%7D\" target=\"_blank\" rel=\"noopener\"> UM\u00d3W WIZYT\u0118 <\/a>","_links":{"self":[{"href":"https:\/\/mcro.waw.pl\/index.php\/wp-json\/wp\/v2\/pages\/1050","targetHints":{"allow":["GET"]}}],"collection":[{"href":"https:\/\/mcro.waw.pl\/index.php\/wp-json\/wp\/v2\/pages"}],"about":[{"href":"https:\/\/mcro.waw.pl\/index.php\/wp-json\/wp\/v2\/types\/page"}],"author":[{"embeddable":true,"href":"https:\/\/mcro.waw.pl\/index.php\/wp-json\/wp\/v2\/users\/4"}],"replies":[{"embeddable":true,"href":"https:\/\/mcro.waw.pl\/index.php\/wp-json\/wp\/v2\/comments?post=1050"}],"version-history":[{"count":4,"href":"https:\/\/mcro.waw.pl\/index.php\/wp-json\/wp\/v2\/pages\/1050\/revisions"}],"predecessor-version":[{"id":1055,"href":"https:\/\/mcro.waw.pl\/index.php\/wp-json\/wp\/v2\/pages\/1050\/revisions\/1055"}],"wp:attachment":[{"href":"https:\/\/mcro.waw.pl\/index.php\/wp-json\/wp\/v2\/media?parent=1050"}],"curies":[{"name":"wp","href":"https:\/\/api.w.org\/{rel}","templated":true}]}}